{"id":7,"date":"2023-09-02T15:41:53","date_gmt":"2023-09-02T13:41:53","guid":{"rendered":"http:\/\/fuveau.net\/?page_id=7"},"modified":"2023-12-28T15:49:12","modified_gmt":"2023-12-28T14:49:12","slug":"memoire-de-fuveau","status":"publish","type":"page","link":"https:\/\/fuveau.net\/","title":{"rendered":"M\u00e9moire de Fuveau"},"content":{"rendered":"\n<h2 class=\"wp-block-heading has-text-align-center\">La m\u00e9moire et un peu d&rsquo;histoire de Fuveau<\/h2>\n\n\n\n<p class=\"has-text-align-center has-ast-global-color-2-color has-text-color has-x-large-font-size\">Bienvenue sur le site historique de Fuveau<\/p>\n\n\n\n<blockquote class=\"wp-block-quote is-layout-flow wp-block-quote-is-layout-flow\">\n<p class=\"has-text-align-center has-large-font-size\"><strong>Au hasard de la promenade sur ce site plein de vieilles photos<\/strong><\/p>\n<\/blockquote>\n\n\n\n<ul class=\"wp-block-list\"><\/ul>\n\n\n\n<p>Ce site est la reprise du site de Jean-Fran\u00e7ois ROUBAUD sur le magnifique travail de compilation r\u00e9alis\u00e9 sur l&rsquo;histoire de Fuveau. En effet, l&rsquo;op\u00e9rateur qui h\u00e9bergeait ce site a souhait\u00e9 ne plus h\u00e9b\u00e9rger les pages personnelles. Il a fallu trouver une solution. La voila.<\/p>\n\n\n\n<p>Chaque visiteur est cordialement invit\u00e9 \u00e0 contribuer \u00e0 l&rsquo;enrichissement du site.<\/p>\n\n\n\n<p>N&rsquo;h\u00e9sitez pas \u00e0 prendre <a href=\"https:\/\/fuveau.net\/index.php\/a-propos\/contact\/\">contact<\/a> si vous souhaitez devenir contributeur. Anecdotes, photos, documents sont les bienvenues..<\/p>\n\n\n<div class=\"wp-block-image\">\n<figure class=\"aligncenter size-full\"><img loading=\"lazy\" decoding=\"async\" width=\"999\" height=\"699\" src=\"https:\/\/fuveau.net\/wp-content\/uploads\/2023\/10\/fuveau-1900.jpg\" alt=\"Fuveau vers 1900\" class=\"wp-image-2417\" srcset=\"https:\/\/fuveau.net\/wp-content\/uploads\/2023\/10\/fuveau-1900.jpg 999w, https:\/\/fuveau.net\/wp-content\/uploads\/2023\/10\/fuveau-1900-300x210.jpg 300w, https:\/\/fuveau.net\/wp-content\/uploads\/2023\/10\/fuveau-1900-768x537.jpg 768w, https:\/\/fuveau.net\/wp-content\/uploads\/2023\/10\/fuveau-1900-676x473.jpg 676w\" sizes=\"auto, (max-width: 999px) 100vw, 999px\" \/><\/figure>\n<\/div>\n\n\n<figure class=\"wp-block-embed is-type-video is-provider-youtube wp-block-embed-youtube wp-embed-aspect-16-9 wp-has-aspect-ratio\"><div class=\"wp-block-embed__wrapper\">\n<iframe loading=\"lazy\" title=\"Journ\u00e9es europ\u00e9ennes du patrimoine 2020\" width=\"676\" height=\"380\" src=\"https:\/\/www.youtube.com\/embed\/-uwp2wFIkvY?feature=oembed\" frameborder=\"0\" allow=\"accelerometer; autoplay; clipboard-write; encrypted-media; gyroscope; picture-in-picture; web-share\" allowfullscreen><\/iframe>\n<\/div><\/figure>\n","protected":false},"excerpt":{"rendered":"<p>La m\u00e9moire et un peu d&rsquo;histoire de Fuveau Bienvenue sur le site historique de Fuveau Au hasard de la promenade sur ce site plein de vieilles photos Ce site est la reprise du site de Jean-Fran\u00e7ois ROUBAUD sur le magnifique travail de compilation r\u00e9alis\u00e9 sur l&rsquo;histoire de Fuveau. En effet, l&rsquo;op\u00e9rateur qui h\u00e9bergeait ce site [&hellip;]<\/p>\n","protected":false},"author":2,"featured_media":0,"parent":0,"menu_order":1,"comment_status":"open","ping_status":"closed","template":"","meta":{"_uag_custom_page_level_css":"","iawp_total_views":1495,"footnotes":""},"class_list":["post-7","page","type-page","status-publish","hentry","post-preview"],"yoast_head":"<!-- This site is optimized with the Yoast SEO plugin v27.4 - https:\/\/yoast.com\/product\/yoast-seo-wordpress\/ -->\n<title>M\u00e9moire de Fuveau - Petites et grandes Histoires de Fuveau<\/title>\n<meta name=\"robots\" content=\"index, follow, max-snippet:-1, max-image-preview:large, max-video-preview:-1\" \/>\n<link rel=\"canonical\" href=\"https:\/\/fuveau.net\/\" \/>\n<meta property=\"og:locale\" content=\"fr_FR\" \/>\n<meta property=\"og:type\" content=\"article\" \/>\n<meta property=\"og:title\" content=\"M\u00e9moire de Fuveau - Petites et grandes Histoires de Fuveau\" \/>\n<meta property=\"og:description\" content=\"La m\u00e9moire et un peu d&rsquo;histoire de Fuveau Bienvenue sur le site historique de Fuveau Au hasard de la promenade sur ce site plein de vieilles photos Ce site est la reprise du site de Jean-Fran\u00e7ois ROUBAUD sur le magnifique travail de compilation r\u00e9alis\u00e9 sur l&rsquo;histoire de Fuveau. En effet, l&rsquo;op\u00e9rateur qui h\u00e9bergeait ce site [&hellip;]\" \/>\n<meta property=\"og:url\" content=\"https:\/\/fuveau.net\/\" \/>\n<meta property=\"og:site_name\" content=\"Petites et grandes Histoires de Fuveau\" \/>\n<meta property=\"article:modified_time\" content=\"2023-12-28T14:49:12+00:00\" \/>\n<meta property=\"og:image\" content=\"https:\/\/fuveau.net\/wp-content\/uploads\/2023\/10\/fuveau-1900.jpg\" \/>\n<meta name=\"twitter:card\" content=\"summary_large_image\" \/>\n<meta name=\"twitter:label1\" content=\"Dur\u00e9e de lecture estim\u00e9e\" \/>\n\t<meta name=\"twitter:data1\" content=\"1 minute\" \/>\n<script type=\"application\/ld+json\" class=\"yoast-schema-graph\">{\"@context\":\"https:\\\/\\\/schema.org\",\"@graph\":[{\"@type\":\"WebPage\",\"@id\":\"https:\\\/\\\/fuveau.net\\\/\",\"url\":\"https:\\\/\\\/fuveau.net\\\/\",\"name\":\"M\u00e9moire de Fuveau - Petites et grandes Histoires de Fuveau\",\"isPartOf\":{\"@id\":\"https:\\\/\\\/fuveau.net\\\/#website\"},\"primaryImageOfPage\":{\"@id\":\"https:\\\/\\\/fuveau.net\\\/#primaryimage\"},\"image\":{\"@id\":\"https:\\\/\\\/fuveau.net\\\/#primaryimage\"},\"thumbnailUrl\":\"https:\\\/\\\/fuveau.net\\\/wp-content\\\/uploads\\\/2023\\\/10\\\/fuveau-1900.jpg\",\"datePublished\":\"2023-09-02T13:41:53+00:00\",\"dateModified\":\"2023-12-28T14:49:12+00:00\",\"breadcrumb\":{\"@id\":\"https:\\\/\\\/fuveau.net\\\/#breadcrumb\"},\"inLanguage\":\"fr-FR\",\"potentialAction\":[{\"@type\":\"ReadAction\",\"target\":[\"https:\\\/\\\/fuveau.net\\\/\"]}]},{\"@type\":\"ImageObject\",\"inLanguage\":\"fr-FR\",\"@id\":\"https:\\\/\\\/fuveau.net\\\/#primaryimage\",\"url\":\"https:\\\/\\\/fuveau.net\\\/wp-content\\\/uploads\\\/2023\\\/10\\\/fuveau-1900.jpg\",\"contentUrl\":\"https:\\\/\\\/fuveau.net\\\/wp-content\\\/uploads\\\/2023\\\/10\\\/fuveau-1900.jpg\",\"width\":999,\"height\":699},{\"@type\":\"BreadcrumbList\",\"@id\":\"https:\\\/\\\/fuveau.net\\\/#breadcrumb\",\"itemListElement\":[{\"@type\":\"ListItem\",\"position\":1,\"name\":\"Accueil\",\"item\":\"https:\\\/\\\/fuveau.net\\\/\"},{\"@type\":\"ListItem\",\"position\":2,\"name\":\"M\u00e9moire de Fuveau\"}]},{\"@type\":\"WebSite\",\"@id\":\"https:\\\/\\\/fuveau.net\\\/#website\",\"url\":\"https:\\\/\\\/fuveau.net\\\/\",\"name\":\"Petites et grandes Histoires de Fuveau\",\"description\":\"Site patrimonial de l&#039;histoire de Fuveau\",\"publisher\":{\"@id\":\"https:\\\/\\\/fuveau.net\\\/#organization\"},\"potentialAction\":[{\"@type\":\"SearchAction\",\"target\":{\"@type\":\"EntryPoint\",\"urlTemplate\":\"https:\\\/\\\/fuveau.net\\\/?s={search_term_string}\"},\"query-input\":{\"@type\":\"PropertyValueSpecification\",\"valueRequired\":true,\"valueName\":\"search_term_string\"}}],\"inLanguage\":\"fr-FR\"},{\"@type\":\"Organization\",\"@id\":\"https:\\\/\\\/fuveau.net\\\/#organization\",\"name\":\"Petites et grandes Histoires de Fuveau\",\"url\":\"https:\\\/\\\/fuveau.net\\\/\",\"logo\":{\"@type\":\"ImageObject\",\"inLanguage\":\"fr-FR\",\"@id\":\"https:\\\/\\\/fuveau.net\\\/#\\\/schema\\\/logo\\\/image\\\/\",\"url\":\"https:\\\/\\\/fuveau.net\\\/wp-content\\\/uploads\\\/2023\\\/09\\\/logo-1.jpg\",\"contentUrl\":\"https:\\\/\\\/fuveau.net\\\/wp-content\\\/uploads\\\/2023\\\/09\\\/logo-1.jpg\",\"width\":815,\"height\":415,\"caption\":\"Petites et grandes Histoires de Fuveau\"},\"image\":{\"@id\":\"https:\\\/\\\/fuveau.net\\\/#\\\/schema\\\/logo\\\/image\\\/\"}}]}<\/script>\n<!-- \/ Yoast SEO plugin. -->","yoast_head_json":{"title":"M\u00e9moire de Fuveau - Petites et grandes Histoires de Fuveau","robots":{"index":"index","follow":"follow","max-snippet":"max-snippet:-1","max-image-preview":"max-image-preview:large","max-video-preview":"max-video-preview:-1"},"canonical":"https:\/\/fuveau.net\/","og_locale":"fr_FR","og_type":"article","og_title":"M\u00e9moire de Fuveau - Petites et grandes Histoires de Fuveau","og_description":"La m\u00e9moire et un peu d&rsquo;histoire de Fuveau Bienvenue sur le site historique de Fuveau Au hasard de la promenade sur ce site plein de vieilles photos Ce site est la reprise du site de Jean-Fran\u00e7ois ROUBAUD sur le magnifique travail de compilation r\u00e9alis\u00e9 sur l&rsquo;histoire de Fuveau. En effet, l&rsquo;op\u00e9rateur qui h\u00e9bergeait ce site [&hellip;]","og_url":"https:\/\/fuveau.net\/","og_site_name":"Petites et grandes Histoires de Fuveau","article_modified_time":"2023-12-28T14:49:12+00:00","og_image":[{"url":"https:\/\/fuveau.net\/wp-content\/uploads\/2023\/10\/fuveau-1900.jpg","type":"","width":"","height":""}],"twitter_card":"summary_large_image","twitter_misc":{"Dur\u00e9e de lecture estim\u00e9e":"1 minute"},"schema":{"@context":"https:\/\/schema.org","@graph":[{"@type":"WebPage","@id":"https:\/\/fuveau.net\/","url":"https:\/\/fuveau.net\/","name":"M\u00e9moire de Fuveau - Petites et grandes Histoires de Fuveau","isPartOf":{"@id":"https:\/\/fuveau.net\/#website"},"primaryImageOfPage":{"@id":"https:\/\/fuveau.net\/#primaryimage"},"image":{"@id":"https:\/\/fuveau.net\/#primaryimage"},"thumbnailUrl":"https:\/\/fuveau.net\/wp-content\/uploads\/2023\/10\/fuveau-1900.jpg","datePublished":"2023-09-02T13:41:53+00:00","dateModified":"2023-12-28T14:49:12+00:00","breadcrumb":{"@id":"https:\/\/fuveau.net\/#breadcrumb"},"inLanguage":"fr-FR","potentialAction":[{"@type":"ReadAction","target":["https:\/\/fuveau.net\/"]}]},{"@type":"ImageObject","inLanguage":"fr-FR","@id":"https:\/\/fuveau.net\/#primaryimage","url":"https:\/\/fuveau.net\/wp-content\/uploads\/2023\/10\/fuveau-1900.jpg","contentUrl":"https:\/\/fuveau.net\/wp-content\/uploads\/2023\/10\/fuveau-1900.jpg","width":999,"height":699},{"@type":"BreadcrumbList","@id":"https:\/\/fuveau.net\/#breadcrumb","itemListElement":[{"@type":"ListItem","position":1,"name":"Accueil","item":"https:\/\/fuveau.net\/"},{"@type":"ListItem","position":2,"name":"M\u00e9moire de Fuveau"}]},{"@type":"WebSite","@id":"https:\/\/fuveau.net\/#website","url":"https:\/\/fuveau.net\/","name":"Petites et grandes Histoires de Fuveau","description":"Site patrimonial de l&#039;histoire de Fuveau","publisher":{"@id":"https:\/\/fuveau.net\/#organization"},"potentialAction":[{"@type":"SearchAction","target":{"@type":"EntryPoint","urlTemplate":"https:\/\/fuveau.net\/?s={search_term_string}"},"query-input":{"@type":"PropertyValueSpecification","valueRequired":true,"valueName":"search_term_string"}}],"inLanguage":"fr-FR"},{"@type":"Organization","@id":"https:\/\/fuveau.net\/#organization","name":"Petites et grandes Histoires de Fuveau","url":"https:\/\/fuveau.net\/","logo":{"@type":"ImageObject","inLanguage":"fr-FR","@id":"https:\/\/fuveau.net\/#\/schema\/logo\/image\/","url":"https:\/\/fuveau.net\/wp-content\/uploads\/2023\/09\/logo-1.jpg","contentUrl":"https:\/\/fuveau.net\/wp-content\/uploads\/2023\/09\/logo-1.jpg","width":815,"height":415,"caption":"Petites et grandes Histoires de Fuveau"},"image":{"@id":"https:\/\/fuveau.net\/#\/schema\/logo\/image\/"}}]}},"uagb_featured_image_src":{"full":false,"thumbnail":false,"medium":false,"medium_large":false,"large":false,"1536x1536":false,"2048x2048":false,"post-image":false},"uagb_author_info":{"display_name":"Dominique CHAINE","author_link":"https:\/\/fuveau.net\/index.php\/author\/d-chaine\/"},"uagb_comment_info":17,"uagb_excerpt":"La m\u00e9moire et un peu d&rsquo;histoire de Fuveau Bienvenue sur le site historique de Fuveau Au hasard de la promenade sur ce site plein de vieilles photos Ce site est la reprise du site de Jean-Fran\u00e7ois ROUBAUD sur le magnifique travail de compilation r\u00e9alis\u00e9 sur l&rsquo;histoire de Fuveau. En effet, l&rsquo;op\u00e9rateur qui h\u00e9bergeait ce site\u2026","_links":{"self":[{"href":"https:\/\/fuveau.net\/index.php\/wp-json\/wp\/v2\/pages\/7","targetHints":{"allow":["GET"]}}],"collection":[{"href":"https:\/\/fuveau.net\/index.php\/wp-json\/wp\/v2\/pages"}],"about":[{"href":"https:\/\/fuveau.net\/index.php\/wp-json\/wp\/v2\/types\/page"}],"author":[{"embeddable":true,"href":"https:\/\/fuveau.net\/index.php\/wp-json\/wp\/v2\/users\/2"}],"replies":[{"embeddable":true,"href":"https:\/\/fuveau.net\/index.php\/wp-json\/wp\/v2\/comments?post=7"}],"version-history":[{"count":15,"href":"https:\/\/fuveau.net\/index.php\/wp-json\/wp\/v2\/pages\/7\/revisions"}],"predecessor-version":[{"id":4173,"href":"https:\/\/fuveau.net\/index.php\/wp-json\/wp\/v2\/pages\/7\/revisions\/4173"}],"wp:attachment":[{"href":"https:\/\/fuveau.net\/index.php\/wp-json\/wp\/v2\/media?parent=7"}],"curies":[{"name":"wp","href":"https:\/\/api.w.org\/{rel}","templated":true}]}}