{"id":523,"date":"2023-09-09T15:48:43","date_gmt":"2023-09-09T13:48:43","guid":{"rendered":"https:\/\/fuveau.net\/?page_id=523"},"modified":"2023-11-28T17:16:55","modified_gmt":"2023-11-28T16:16:55","slug":"fuveau-et-le-cinema","status":"publish","type":"page","link":"https:\/\/fuveau.net\/index.php\/culture\/fuveau-et-le-cinema\/","title":{"rendered":"Fuveau et le cin\u00e9ma"},"content":{"rendered":"\n<div class=\"wp-block-group\"><div class=\"wp-block-group__inner-container is-layout-constrained wp-block-group-is-layout-constrained\">\n<p><strong>Jusque dans les ann\u00e9es 60, Fuveau avait un cin\u00e9ma, eh oui ! Il se trouvait traverse de Qu\u00e8ne, \u00e0 la place de l&rsquo;immeuble neuf, \u00a0 juste au-dessus de la poste. Lire \u00e0 ce sujet l&rsquo;anecdote \u00ab\u00a0Des rues curieuses\u00a0\u00bb.\u00a0Une anecdote peu connue : pendant la derni\u00e8re guerre, Fernandel est venu chanter b\u00e9n\u00e9volement au cin\u00e9ma de Qu\u00e8ne (de son v\u00e9ritable nom Barr\u00eame) pour envoyer des colis aux prisonniers du village.<br>Plusieurs sc\u00e8nes de films ayant connu un succ\u00e8s certain ont \u00e9t\u00e9 tourn\u00e9es au village. Cliquez sur les liens pour pour en voir quelques images.<\/strong><\/p>\n<\/div><\/div>\n\n\n\n\t\t\t<div class=\"wp-block-uagb-post-carousel uagb-post-grid  uagb-post__image-position-top uagb-post__image-enabled uagb-block-bc50ec70     uagb-post__arrow-outside uagb-slick-carousel uagb-post__items uagb-post__columns-3 is-carousel uagb-post__columns-tablet-2 uagb-post__columns-mobile-1\" data-total=\"1\" style=\"\">\n\n\t\t\t\t\t\t\t\t\t\t\t\t<article class=\"uagb-post__inner-wrap\">\t\t\t\t\t\t\t\t<div class='uagb-post__image'>\n\t\t\t\t\t\t\t\t\t<a href=\"https:\/\/fuveau.net\/index.php\/2023\/11\/17\/uniformes-et-grandes-manoeuvres\/\" target=\"_self\" rel=\"bookmark noopener noreferrer\"><img loading=\"lazy\" decoding=\"async\" width=\"570\" height=\"761\" src=\"https:\/\/fuveau.net\/wp-content\/uploads\/2023\/11\/uniformes-affiche.jpg\" class=\"attachment-large size-large\" alt=\"\" srcset=\"https:\/\/fuveau.net\/wp-content\/uploads\/2023\/11\/uniformes-affiche.jpg 570w, https:\/\/fuveau.net\/wp-content\/uploads\/2023\/11\/uniformes-affiche-225x300.jpg 225w\" sizes=\"auto, (max-width: 570px) 100vw, 570px\" \/>\t\t\t\t\t<\/a>\n\t\t\t\t\t\t\t\t\t<\/div>\n\t\t\t\t\t\t<h4 class=\"uagb-post__title uagb-post__text\">\n\t\t\t\t<a href=\"https:\/\/fuveau.net\/index.php\/2023\/11\/17\/uniformes-et-grandes-manoeuvres\/\" target=\"_self\" rel=\"bookmark noopener noreferrer\">Uniformes et grandes manoeuvres<\/a>\n\t\t\t<\/h4>\n\t\t\t\t\t\t<div class='uagb-post__text uagb-post-grid-byline'>\n\t\t\t\t\t\t\t\t<span class=\"uagb-post__comment\">\n\t\t\t\t<span class=\"dashicons-admin-comments dashicons\"><\/span>\t\t\t\t\tAucun commentaire\t\t\t\t<\/span>\n\t\t\t\t\t\t<\/div>\n\t\t\t\t\t\t\t<div class='uagb-post__text uagb-post__excerpt'>\n\t\t\t\t\t<p>Tournage \u00e0 Chateau l&rsquo;Arc<\/p>\n\t\t\t\t<\/div>\n\t\t\t\t\t\t<div class=\"uagb-post__text uagb-post__cta wp-block-button\">\n\t\t\t\t<a class=\"wp-block-button__link uagb-text-link\" style=\"\" href=\"https:\/\/fuveau.net\/index.php\/2023\/11\/17\/uniformes-et-grandes-manoeuvres\/\" target=\"_self\" rel=\"bookmark noopener noreferrer\">Lire la suite<\/a>\n\t\t\t<\/div>\n\t\t\t\n\t\t\t\t\t\t\t\t\t<\/article>\n\t\t\t\t\t\t\t\t\t\t\t\t\t\t\t\t<article class=\"uagb-post__inner-wrap\">\t\t\t\t\t\t\t\t<div class='uagb-post__image'>\n\t\t\t\t\t\t\t\t\t<a href=\"https:\/\/fuveau.net\/index.php\/2023\/09\/09\/fuveau-dans-le-boulanger-de-valorgue\/\" target=\"_self\" rel=\"bookmark noopener noreferrer\"><img loading=\"lazy\" decoding=\"async\" width=\"676\" height=\"541\" src=\"https:\/\/fuveau.net\/wp-content\/uploads\/2023\/09\/Valorgue-2-1.jpg\" class=\"attachment-large size-large\" alt=\"\" srcset=\"https:\/\/fuveau.net\/wp-content\/uploads\/2023\/09\/Valorgue-2-1.jpg 720w, https:\/\/fuveau.net\/wp-content\/uploads\/2023\/09\/Valorgue-2-1-300x240.jpg 300w, https:\/\/fuveau.net\/wp-content\/uploads\/2023\/09\/Valorgue-2-1-676x541.jpg 676w\" sizes=\"auto, (max-width: 676px) 100vw, 676px\" \/>\t\t\t\t\t<\/a>\n\t\t\t\t\t\t\t\t\t<\/div>\n\t\t\t\t\t\t<h4 class=\"uagb-post__title uagb-post__text\">\n\t\t\t\t<a href=\"https:\/\/fuveau.net\/index.php\/2023\/09\/09\/fuveau-dans-le-boulanger-de-valorgue\/\" target=\"_self\" rel=\"bookmark noopener noreferrer\">Fuveau dans \u00ab\u00a0Le boulanger de Valorgue\u00a0\u00bb<\/a>\n\t\t\t<\/h4>\n\t\t\t\t\t\t<div class='uagb-post__text uagb-post-grid-byline'>\n\t\t\t\t\t\t\t\t<span class=\"uagb-post__comment\">\n\t\t\t\t<span class=\"dashicons-admin-comments dashicons\"><\/span>\t\t\t\t\tAucun commentaire\t\t\t\t<\/span>\n\t\t\t\t\t\t<\/div>\n\t\t\t\t\t\t\t<div class='uagb-post__text uagb-post__excerpt'>\n\t\t\t\t\t<p>Pendant l&rsquo;automne 1952, Henri Verneuil r\u00e9alise \u00ab\u00a0Le boulanger de Valorgue\u00a0\u00bb avec Fernandel. Principalement tourn\u00e9es \u00e0&#8230;\t\t\t\t<\/div>\n\t\t\t\t\t\t<div class=\"uagb-post__text uagb-post__cta wp-block-button\">\n\t\t\t\t<a class=\"wp-block-button__link uagb-text-link\" style=\"\" href=\"https:\/\/fuveau.net\/index.php\/2023\/09\/09\/fuveau-dans-le-boulanger-de-valorgue\/\" target=\"_self\" rel=\"bookmark noopener noreferrer\">Lire la suite<\/a>\n\t\t\t<\/div>\n\t\t\t\n\t\t\t\t\t\t\t\t\t<\/article>\n\t\t\t\t\t\t\t\t\t\t\t\t\t\t\t\t<article class=\"uagb-post__inner-wrap\">\t\t\t\t\t\t\t\t<div class='uagb-post__image'>\n\t\t\t\t\t\t\t\t\t<a href=\"https:\/\/fuveau.net\/index.php\/2023\/09\/03\/la-fille-du-puisatier-octobre-2014\/\" target=\"_self\" rel=\"bookmark noopener noreferrer\"><img loading=\"lazy\" decoding=\"async\" width=\"500\" height=\"403\" src=\"https:\/\/fuveau.net\/wp-content\/uploads\/2023\/09\/aaaa2-1.png\" class=\"attachment-large size-large\" alt=\"\" srcset=\"https:\/\/fuveau.net\/wp-content\/uploads\/2023\/09\/aaaa2-1.png 500w, https:\/\/fuveau.net\/wp-content\/uploads\/2023\/09\/aaaa2-1-300x242.png 300w\" sizes=\"auto, (max-width: 500px) 100vw, 500px\" \/>\t\t\t\t\t<\/a>\n\t\t\t\t\t\t\t\t\t<\/div>\n\t\t\t\t\t\t<h4 class=\"uagb-post__title uagb-post__text\">\n\t\t\t\t<a href=\"https:\/\/fuveau.net\/index.php\/2023\/09\/03\/la-fille-du-puisatier-octobre-2014\/\" target=\"_self\" rel=\"bookmark noopener noreferrer\">La fille du puisatier (octobre 2014)<\/a>\n\t\t\t<\/h4>\n\t\t\t\t\t\t<div class='uagb-post__text uagb-post-grid-byline'>\n\t\t\t\t\t\t\t\t<span class=\"uagb-post__comment\">\n\t\t\t\t<span class=\"dashicons-admin-comments dashicons\"><\/span>\t\t\t\t\tAucun commentaire\t\t\t\t<\/span>\n\t\t\t\t\t\t<\/div>\n\t\t\t\t\t\t\t<div class='uagb-post__text uagb-post__excerpt'>\n\t\t\t\t\t<p>Film tourn\u00e9 en 1940\u00a0 (ne pas confondre avec la version r\u00e9cente), cette \u0153uvre de Pagnol&#8230;\t\t\t\t<\/div>\n\t\t\t\t\t\t<div class=\"uagb-post__text uagb-post__cta wp-block-button\">\n\t\t\t\t<a class=\"wp-block-button__link uagb-text-link\" style=\"\" href=\"https:\/\/fuveau.net\/index.php\/2023\/09\/03\/la-fille-du-puisatier-octobre-2014\/\" target=\"_self\" rel=\"bookmark noopener noreferrer\">Lire la suite<\/a>\n\t\t\t<\/div>\n\t\t\t\n\t\t\t\t\t\t\t\t\t<\/article>\n\t\t\t\t\t\t\t\t\t\t\t\t\t\t\t\t<article class=\"uagb-post__inner-wrap\">\t\t\t\t\t\t\t\t<div class='uagb-post__image'>\n\t\t\t\t\t\t\t\t\t<a href=\"https:\/\/fuveau.net\/index.php\/2023\/09\/03\/uniformes-et-grandes-manoeuvres-nov-2014\/\" target=\"_self\" rel=\"bookmark noopener noreferrer\"><img loading=\"lazy\" decoding=\"async\" width=\"520\" height=\"312\" src=\"https:\/\/fuveau.net\/wp-content\/uploads\/2023\/11\/du-mouron-pour-les-petits-oiseaux-1.jpg\" class=\"attachment-large size-large\" alt=\"\" srcset=\"https:\/\/fuveau.net\/wp-content\/uploads\/2023\/11\/du-mouron-pour-les-petits-oiseaux-1.jpg 520w, https:\/\/fuveau.net\/wp-content\/uploads\/2023\/11\/du-mouron-pour-les-petits-oiseaux-1-300x180.jpg 300w\" sizes=\"auto, (max-width: 520px) 100vw, 520px\" \/>\t\t\t\t\t<\/a>\n\t\t\t\t\t\t\t\t\t<\/div>\n\t\t\t\t\t\t<h4 class=\"uagb-post__title uagb-post__text\">\n\t\t\t\t<a href=\"https:\/\/fuveau.net\/index.php\/2023\/09\/03\/uniformes-et-grandes-manoeuvres-nov-2014\/\" target=\"_self\" rel=\"bookmark noopener noreferrer\">Du mouron pour les petits oiseaux<\/a>\n\t\t\t<\/h4>\n\t\t\t\t\t\t<div class='uagb-post__text uagb-post-grid-byline'>\n\t\t\t\t\t\t\t\t<span class=\"uagb-post__comment\">\n\t\t\t\t<span class=\"dashicons-admin-comments dashicons\"><\/span>\t\t\t\t\tAucun commentaire\t\t\t\t<\/span>\n\t\t\t\t\t\t<\/div>\n\t\t\t\t\t\t\t<div class='uagb-post__text uagb-post__excerpt'>\n\t\t\t\t\t<p>D\u00e9cid\u00e9ment, Fuveau fut un village \u00ab\u00a0cin\u00e9g\u00e9nique\u00a0\u00bb. Apr\u00e8s\u00a0Fernandel dans Le boulanger de Valorgue\u00a0d&rsquo;Henri Verneuil en 1953,&#8230;\t\t\t\t<\/div>\n\t\t\t\t\t\t<div class=\"uagb-post__text uagb-post__cta wp-block-button\">\n\t\t\t\t<a class=\"wp-block-button__link uagb-text-link\" style=\"\" href=\"https:\/\/fuveau.net\/index.php\/2023\/09\/03\/uniformes-et-grandes-manoeuvres-nov-2014\/\" target=\"_self\" rel=\"bookmark noopener noreferrer\">Lire la suite<\/a>\n\t\t\t<\/div>\n\t\t\t\n\t\t\t\t\t\t\t\t\t<\/article>\n\t\t\t\t\t\t\t\t\t\t\t<\/div>\n\t\t\t","protected":false},"excerpt":{"rendered":"<p>Jusque dans les ann\u00e9es 60, Fuveau avait un cin\u00e9ma, eh oui ! Il se trouvait traverse de Qu\u00e8ne, \u00e0 la place de l&rsquo;immeuble neuf, \u00a0 juste au-dessus de la poste. Lire \u00e0 ce sujet l&rsquo;anecdote \u00ab\u00a0Des rues curieuses\u00a0\u00bb.\u00a0Une anecdote peu connue : pendant la derni\u00e8re guerre, Fernandel est venu chanter b\u00e9n\u00e9volement au cin\u00e9ma de Qu\u00e8ne [&hellip;]<\/p>\n","protected":false},"author":3,"featured_media":0,"parent":455,"menu_order":0,"comment_status":"closed","ping_status":"closed","template":"","meta":{"_uag_custom_page_level_css":"","iawp_total_views":34,"footnotes":""},"class_list":["post-523","page","type-page","status-publish","hentry","post-preview"],"yoast_head":"<!-- This site is optimized with the Yoast SEO plugin v27.3 - https:\/\/yoast.com\/product\/yoast-seo-wordpress\/ -->\n<title>Fuveau et le cin\u00e9ma - Petites et grandes Histoires de Fuveau<\/title>\n<meta name=\"robots\" content=\"index, follow, max-snippet:-1, max-image-preview:large, max-video-preview:-1\" \/>\n<link rel=\"canonical\" href=\"https:\/\/fuveau.net\/index.php\/culture\/fuveau-et-le-cinema\/\" \/>\n<meta property=\"og:locale\" content=\"fr_FR\" \/>\n<meta property=\"og:type\" content=\"article\" \/>\n<meta property=\"og:title\" content=\"Fuveau et le cin\u00e9ma - Petites et grandes Histoires de Fuveau\" \/>\n<meta property=\"og:description\" content=\"Jusque dans les ann\u00e9es 60, Fuveau avait un cin\u00e9ma, eh oui ! Il se trouvait traverse de Qu\u00e8ne, \u00e0 la place de l&rsquo;immeuble neuf, \u00a0 juste au-dessus de la poste. Lire \u00e0 ce sujet l&rsquo;anecdote \u00ab\u00a0Des rues curieuses\u00a0\u00bb.\u00a0Une anecdote peu connue : pendant la derni\u00e8re guerre, Fernandel est venu chanter b\u00e9n\u00e9volement au cin\u00e9ma de Qu\u00e8ne [&hellip;]\" \/>\n<meta property=\"og:url\" content=\"https:\/\/fuveau.net\/index.php\/culture\/fuveau-et-le-cinema\/\" \/>\n<meta property=\"og:site_name\" content=\"Petites et grandes Histoires de Fuveau\" \/>\n<meta property=\"article:modified_time\" content=\"2023-11-28T16:16:55+00:00\" \/>\n<meta name=\"twitter:card\" content=\"summary_large_image\" \/>\n<meta name=\"twitter:label1\" content=\"Dur\u00e9e de lecture estim\u00e9e\" \/>\n\t<meta name=\"twitter:data1\" content=\"1 minute\" \/>\n<script type=\"application\/ld+json\" class=\"yoast-schema-graph\">{\"@context\":\"https:\\\/\\\/schema.org\",\"@graph\":[{\"@type\":\"WebPage\",\"@id\":\"https:\\\/\\\/fuveau.net\\\/index.php\\\/culture\\\/fuveau-et-le-cinema\\\/\",\"url\":\"https:\\\/\\\/fuveau.net\\\/index.php\\\/culture\\\/fuveau-et-le-cinema\\\/\",\"name\":\"Fuveau et le cin\u00e9ma - Petites et grandes Histoires de Fuveau\",\"isPartOf\":{\"@id\":\"https:\\\/\\\/fuveau.net\\\/#website\"},\"datePublished\":\"2023-09-09T13:48:43+00:00\",\"dateModified\":\"2023-11-28T16:16:55+00:00\",\"breadcrumb\":{\"@id\":\"https:\\\/\\\/fuveau.net\\\/index.php\\\/culture\\\/fuveau-et-le-cinema\\\/#breadcrumb\"},\"inLanguage\":\"fr-FR\",\"potentialAction\":[{\"@type\":\"ReadAction\",\"target\":[\"https:\\\/\\\/fuveau.net\\\/index.php\\\/culture\\\/fuveau-et-le-cinema\\\/\"]}]},{\"@type\":\"BreadcrumbList\",\"@id\":\"https:\\\/\\\/fuveau.net\\\/index.php\\\/culture\\\/fuveau-et-le-cinema\\\/#breadcrumb\",\"itemListElement\":[{\"@type\":\"ListItem\",\"position\":1,\"name\":\"Accueil\",\"item\":\"https:\\\/\\\/fuveau.net\\\/\"},{\"@type\":\"ListItem\",\"position\":2,\"name\":\"Culture\",\"item\":\"https:\\\/\\\/fuveau.net\\\/index.php\\\/culture\\\/\"},{\"@type\":\"ListItem\",\"position\":3,\"name\":\"Fuveau et le cin\u00e9ma\"}]},{\"@type\":\"WebSite\",\"@id\":\"https:\\\/\\\/fuveau.net\\\/#website\",\"url\":\"https:\\\/\\\/fuveau.net\\\/\",\"name\":\"Petites et grandes Histoires de Fuveau\",\"description\":\"Site patrimonial de l&#039;histoire de Fuveau\",\"publisher\":{\"@id\":\"https:\\\/\\\/fuveau.net\\\/#organization\"},\"potentialAction\":[{\"@type\":\"SearchAction\",\"target\":{\"@type\":\"EntryPoint\",\"urlTemplate\":\"https:\\\/\\\/fuveau.net\\\/?s={search_term_string}\"},\"query-input\":{\"@type\":\"PropertyValueSpecification\",\"valueRequired\":true,\"valueName\":\"search_term_string\"}}],\"inLanguage\":\"fr-FR\"},{\"@type\":\"Organization\",\"@id\":\"https:\\\/\\\/fuveau.net\\\/#organization\",\"name\":\"Petites et grandes Histoires de Fuveau\",\"url\":\"https:\\\/\\\/fuveau.net\\\/\",\"logo\":{\"@type\":\"ImageObject\",\"inLanguage\":\"fr-FR\",\"@id\":\"https:\\\/\\\/fuveau.net\\\/#\\\/schema\\\/logo\\\/image\\\/\",\"url\":\"https:\\\/\\\/fuveau.net\\\/wp-content\\\/uploads\\\/2023\\\/09\\\/logo-1.jpg\",\"contentUrl\":\"https:\\\/\\\/fuveau.net\\\/wp-content\\\/uploads\\\/2023\\\/09\\\/logo-1.jpg\",\"width\":815,\"height\":415,\"caption\":\"Petites et grandes Histoires de Fuveau\"},\"image\":{\"@id\":\"https:\\\/\\\/fuveau.net\\\/#\\\/schema\\\/logo\\\/image\\\/\"}}]}<\/script>\n<!-- \/ Yoast SEO plugin. -->","yoast_head_json":{"title":"Fuveau et le cin\u00e9ma - Petites et grandes Histoires de Fuveau","robots":{"index":"index","follow":"follow","max-snippet":"max-snippet:-1","max-image-preview":"max-image-preview:large","max-video-preview":"max-video-preview:-1"},"canonical":"https:\/\/fuveau.net\/index.php\/culture\/fuveau-et-le-cinema\/","og_locale":"fr_FR","og_type":"article","og_title":"Fuveau et le cin\u00e9ma - Petites et grandes Histoires de Fuveau","og_description":"Jusque dans les ann\u00e9es 60, Fuveau avait un cin\u00e9ma, eh oui ! Il se trouvait traverse de Qu\u00e8ne, \u00e0 la place de l&rsquo;immeuble neuf, \u00a0 juste au-dessus de la poste. Lire \u00e0 ce sujet l&rsquo;anecdote \u00ab\u00a0Des rues curieuses\u00a0\u00bb.\u00a0Une anecdote peu connue : pendant la derni\u00e8re guerre, Fernandel est venu chanter b\u00e9n\u00e9volement au cin\u00e9ma de Qu\u00e8ne [&hellip;]","og_url":"https:\/\/fuveau.net\/index.php\/culture\/fuveau-et-le-cinema\/","og_site_name":"Petites et grandes Histoires de Fuveau","article_modified_time":"2023-11-28T16:16:55+00:00","twitter_card":"summary_large_image","twitter_misc":{"Dur\u00e9e de lecture estim\u00e9e":"1 minute"},"schema":{"@context":"https:\/\/schema.org","@graph":[{"@type":"WebPage","@id":"https:\/\/fuveau.net\/index.php\/culture\/fuveau-et-le-cinema\/","url":"https:\/\/fuveau.net\/index.php\/culture\/fuveau-et-le-cinema\/","name":"Fuveau et le cin\u00e9ma - Petites et grandes Histoires de Fuveau","isPartOf":{"@id":"https:\/\/fuveau.net\/#website"},"datePublished":"2023-09-09T13:48:43+00:00","dateModified":"2023-11-28T16:16:55+00:00","breadcrumb":{"@id":"https:\/\/fuveau.net\/index.php\/culture\/fuveau-et-le-cinema\/#breadcrumb"},"inLanguage":"fr-FR","potentialAction":[{"@type":"ReadAction","target":["https:\/\/fuveau.net\/index.php\/culture\/fuveau-et-le-cinema\/"]}]},{"@type":"BreadcrumbList","@id":"https:\/\/fuveau.net\/index.php\/culture\/fuveau-et-le-cinema\/#breadcrumb","itemListElement":[{"@type":"ListItem","position":1,"name":"Accueil","item":"https:\/\/fuveau.net\/"},{"@type":"ListItem","position":2,"name":"Culture","item":"https:\/\/fuveau.net\/index.php\/culture\/"},{"@type":"ListItem","position":3,"name":"Fuveau et le cin\u00e9ma"}]},{"@type":"WebSite","@id":"https:\/\/fuveau.net\/#website","url":"https:\/\/fuveau.net\/","name":"Petites et grandes Histoires de Fuveau","description":"Site patrimonial de l&#039;histoire de Fuveau","publisher":{"@id":"https:\/\/fuveau.net\/#organization"},"potentialAction":[{"@type":"SearchAction","target":{"@type":"EntryPoint","urlTemplate":"https:\/\/fuveau.net\/?s={search_term_string}"},"query-input":{"@type":"PropertyValueSpecification","valueRequired":true,"valueName":"search_term_string"}}],"inLanguage":"fr-FR"},{"@type":"Organization","@id":"https:\/\/fuveau.net\/#organization","name":"Petites et grandes Histoires de Fuveau","url":"https:\/\/fuveau.net\/","logo":{"@type":"ImageObject","inLanguage":"fr-FR","@id":"https:\/\/fuveau.net\/#\/schema\/logo\/image\/","url":"https:\/\/fuveau.net\/wp-content\/uploads\/2023\/09\/logo-1.jpg","contentUrl":"https:\/\/fuveau.net\/wp-content\/uploads\/2023\/09\/logo-1.jpg","width":815,"height":415,"caption":"Petites et grandes Histoires de Fuveau"},"image":{"@id":"https:\/\/fuveau.net\/#\/schema\/logo\/image\/"}}]}},"uagb_featured_image_src":{"full":false,"thumbnail":false,"medium":false,"medium_large":false,"large":false,"1536x1536":false,"2048x2048":false,"post-image":false},"uagb_author_info":{"display_name":"Jean-Fran\u00e7ois ROUBAUD","author_link":"https:\/\/fuveau.net\/index.php\/author\/jfber\/"},"uagb_comment_info":0,"uagb_excerpt":"Jusque dans les ann\u00e9es 60, Fuveau avait un cin\u00e9ma, eh oui ! Il se trouvait traverse de Qu\u00e8ne, \u00e0 la place de l&rsquo;immeuble neuf, \u00a0 juste au-dessus de la poste. Lire \u00e0 ce sujet l&rsquo;anecdote \u00ab\u00a0Des rues curieuses\u00a0\u00bb.\u00a0Une anecdote peu connue : pendant la derni\u00e8re guerre, Fernandel est venu chanter b\u00e9n\u00e9volement au cin\u00e9ma de Qu\u00e8ne\u2026","_links":{"self":[{"href":"https:\/\/fuveau.net\/index.php\/wp-json\/wp\/v2\/pages\/523","targetHints":{"allow":["GET"]}}],"collection":[{"href":"https:\/\/fuveau.net\/index.php\/wp-json\/wp\/v2\/pages"}],"about":[{"href":"https:\/\/fuveau.net\/index.php\/wp-json\/wp\/v2\/types\/page"}],"author":[{"embeddable":true,"href":"https:\/\/fuveau.net\/index.php\/wp-json\/wp\/v2\/users\/3"}],"replies":[{"embeddable":true,"href":"https:\/\/fuveau.net\/index.php\/wp-json\/wp\/v2\/comments?post=523"}],"version-history":[{"count":7,"href":"https:\/\/fuveau.net\/index.php\/wp-json\/wp\/v2\/pages\/523\/revisions"}],"predecessor-version":[{"id":4141,"href":"https:\/\/fuveau.net\/index.php\/wp-json\/wp\/v2\/pages\/523\/revisions\/4141"}],"up":[{"embeddable":true,"href":"https:\/\/fuveau.net\/index.php\/wp-json\/wp\/v2\/pages\/455"}],"wp:attachment":[{"href":"https:\/\/fuveau.net\/index.php\/wp-json\/wp\/v2\/media?parent=523"}],"curies":[{"name":"wp","href":"https:\/\/api.w.org\/{rel}","templated":true}]}}