{"id":3019,"date":"2023-10-26T14:53:51","date_gmt":"2023-10-26T12:53:51","guid":{"rendered":"https:\/\/fuveau.net\/?page_id=3019"},"modified":"2023-12-29T16:36:20","modified_gmt":"2023-12-29T15:36:20","slug":"a-propos","status":"publish","type":"page","link":"https:\/\/fuveau.net\/index.php\/a-propos\/","title":{"rendered":"\u00c0 propos"},"content":{"rendered":"\n<p>Ce site est la reprise du site web de J.F Roubaud \u00e0 qui je rends hommage pour son travail pendant de si nombreuses ann\u00e9es.<\/p>\n\n\n\n<p>Remerciements les plus vifs \u00e0 :<\/p>\n\n\n\n<p>David ROUBAUD<\/p>\n\n\n\n<p>Eric DESHAYES<\/p>\n\n\n\n<p>Guy GRAVELEAU ( \u2020 2001) <\/p>\n\n\n\n<p>Marcel DELLASTA (\u2020 2010) avec l&rsquo;aimable autorisation de son \u00e9pouse Maryse DELLASTA et de sa petite fille Sonia BOURELY-MARCELLI<\/p>\n\n\n\n<p>En souhaitant que beaucoup de personnes int\u00e9r\u00e9ss\u00e9es par ce travail de m\u00e9moire prennent part \u00e0 l&rsquo;enrichissement de ce site.<\/p>\n\n\n\n<p class=\"has-text-align-right\">Dominique CHAINE, Fuvelain de coeur et passionn\u00e9 par ma ville.<\/p>\n\n\n\n<div class=\"wp-block-uagb-buttons uagb-buttons__outer-wrap uagb-btn__default-btn uagb-btn-tablet__default-btn uagb-btn-mobile__default-btn uagb-block-3dbd445f\"><div class=\"uagb-buttons__wrap uagb-buttons-layout-wrap\">\n<div class=\"wp-block-uagb-buttons-child uagb-buttons__outer-wrap uagb-block-8fb2ef4a wp-block-button\"><div class=\"uagb-button__wrapper\"><a class=\"uagb-buttons-repeater wp-block-button__link\" href=\"https:\/\/fuveau.net\/index.php\/a-propos\/contact\/\" onclick=\"return true;\" rel=\"follow noopener\" target=\"_self\"><div class=\"uagb-button__link\">Contact<\/div><\/a><\/div><\/div>\n<\/div><\/div>\n","protected":false},"excerpt":{"rendered":"<p>Ce site est la reprise du site web de J.F Roubaud \u00e0 qui je rends hommage pour son travail pendant de si nombreuses ann\u00e9es. Remerciements les plus vifs \u00e0 : David ROUBAUD Eric DESHAYES Guy GRAVELEAU ( \u2020 2001) Marcel DELLASTA (\u2020 2010) avec l&rsquo;aimable autorisation de son \u00e9pouse Maryse DELLASTA et de sa petite [&hellip;]<\/p>\n","protected":false},"author":2,"featured_media":0,"parent":0,"menu_order":50,"comment_status":"closed","ping_status":"closed","template":"","meta":{"_uag_custom_page_level_css":"","iawp_total_views":21,"footnotes":""},"class_list":["post-3019","page","type-page","status-publish","hentry","post-preview"],"yoast_head":"<!-- This site is optimized with the Yoast SEO plugin v27.5 - https:\/\/yoast.com\/product\/yoast-seo-wordpress\/ -->\n<title>\u00c0 propos - Petites et grandes Histoires de Fuveau<\/title>\n<meta name=\"robots\" content=\"index, follow, max-snippet:-1, max-image-preview:large, max-video-preview:-1\" \/>\n<link rel=\"canonical\" href=\"https:\/\/fuveau.net\/index.php\/a-propos\/\" \/>\n<meta property=\"og:locale\" content=\"fr_FR\" \/>\n<meta property=\"og:type\" content=\"article\" \/>\n<meta property=\"og:title\" content=\"\u00c0 propos - Petites et grandes Histoires de Fuveau\" \/>\n<meta property=\"og:description\" content=\"Ce site est la reprise du site web de J.F Roubaud \u00e0 qui je rends hommage pour son travail pendant de si nombreuses ann\u00e9es. Remerciements les plus vifs \u00e0 : David ROUBAUD Eric DESHAYES Guy GRAVELEAU ( \u2020 2001) Marcel DELLASTA (\u2020 2010) avec l&rsquo;aimable autorisation de son \u00e9pouse Maryse DELLASTA et de sa petite [&hellip;]\" \/>\n<meta property=\"og:url\" content=\"https:\/\/fuveau.net\/index.php\/a-propos\/\" \/>\n<meta property=\"og:site_name\" content=\"Petites et grandes Histoires de Fuveau\" \/>\n<meta property=\"article:modified_time\" content=\"2023-12-29T15:36:20+00:00\" \/>\n<meta name=\"twitter:card\" content=\"summary_large_image\" \/>\n<meta name=\"twitter:label1\" content=\"Dur\u00e9e de lecture estim\u00e9e\" \/>\n\t<meta name=\"twitter:data1\" content=\"1 minute\" \/>\n<script type=\"application\/ld+json\" class=\"yoast-schema-graph\">{\"@context\":\"https:\\\/\\\/schema.org\",\"@graph\":[{\"@type\":\"WebPage\",\"@id\":\"https:\\\/\\\/fuveau.net\\\/index.php\\\/a-propos\\\/\",\"url\":\"https:\\\/\\\/fuveau.net\\\/index.php\\\/a-propos\\\/\",\"name\":\"\u00c0 propos - Petites et grandes Histoires de Fuveau\",\"isPartOf\":{\"@id\":\"https:\\\/\\\/fuveau.net\\\/#website\"},\"datePublished\":\"2023-10-26T12:53:51+00:00\",\"dateModified\":\"2023-12-29T15:36:20+00:00\",\"breadcrumb\":{\"@id\":\"https:\\\/\\\/fuveau.net\\\/index.php\\\/a-propos\\\/#breadcrumb\"},\"inLanguage\":\"fr-FR\",\"potentialAction\":[{\"@type\":\"ReadAction\",\"target\":[\"https:\\\/\\\/fuveau.net\\\/index.php\\\/a-propos\\\/\"]}]},{\"@type\":\"BreadcrumbList\",\"@id\":\"https:\\\/\\\/fuveau.net\\\/index.php\\\/a-propos\\\/#breadcrumb\",\"itemListElement\":[{\"@type\":\"ListItem\",\"position\":1,\"name\":\"Accueil\",\"item\":\"https:\\\/\\\/fuveau.net\\\/\"},{\"@type\":\"ListItem\",\"position\":2,\"name\":\"\u00c0 propos\"}]},{\"@type\":\"WebSite\",\"@id\":\"https:\\\/\\\/fuveau.net\\\/#website\",\"url\":\"https:\\\/\\\/fuveau.net\\\/\",\"name\":\"Petites et grandes Histoires de Fuveau\",\"description\":\"Site patrimonial de l&#039;histoire de Fuveau\",\"publisher\":{\"@id\":\"https:\\\/\\\/fuveau.net\\\/#organization\"},\"potentialAction\":[{\"@type\":\"SearchAction\",\"target\":{\"@type\":\"EntryPoint\",\"urlTemplate\":\"https:\\\/\\\/fuveau.net\\\/?s={search_term_string}\"},\"query-input\":{\"@type\":\"PropertyValueSpecification\",\"valueRequired\":true,\"valueName\":\"search_term_string\"}}],\"inLanguage\":\"fr-FR\"},{\"@type\":\"Organization\",\"@id\":\"https:\\\/\\\/fuveau.net\\\/#organization\",\"name\":\"Petites et grandes Histoires de Fuveau\",\"url\":\"https:\\\/\\\/fuveau.net\\\/\",\"logo\":{\"@type\":\"ImageObject\",\"inLanguage\":\"fr-FR\",\"@id\":\"https:\\\/\\\/fuveau.net\\\/#\\\/schema\\\/logo\\\/image\\\/\",\"url\":\"https:\\\/\\\/fuveau.net\\\/wp-content\\\/uploads\\\/2023\\\/09\\\/logo-1.jpg\",\"contentUrl\":\"https:\\\/\\\/fuveau.net\\\/wp-content\\\/uploads\\\/2023\\\/09\\\/logo-1.jpg\",\"width\":815,\"height\":415,\"caption\":\"Petites et grandes Histoires de Fuveau\"},\"image\":{\"@id\":\"https:\\\/\\\/fuveau.net\\\/#\\\/schema\\\/logo\\\/image\\\/\"}}]}<\/script>\n<!-- \/ Yoast SEO plugin. -->","yoast_head_json":{"title":"\u00c0 propos - Petites et grandes Histoires de Fuveau","robots":{"index":"index","follow":"follow","max-snippet":"max-snippet:-1","max-image-preview":"max-image-preview:large","max-video-preview":"max-video-preview:-1"},"canonical":"https:\/\/fuveau.net\/index.php\/a-propos\/","og_locale":"fr_FR","og_type":"article","og_title":"\u00c0 propos - Petites et grandes Histoires de Fuveau","og_description":"Ce site est la reprise du site web de J.F Roubaud \u00e0 qui je rends hommage pour son travail pendant de si nombreuses ann\u00e9es. Remerciements les plus vifs \u00e0 : David ROUBAUD Eric DESHAYES Guy GRAVELEAU ( \u2020 2001) Marcel DELLASTA (\u2020 2010) avec l&rsquo;aimable autorisation de son \u00e9pouse Maryse DELLASTA et de sa petite [&hellip;]","og_url":"https:\/\/fuveau.net\/index.php\/a-propos\/","og_site_name":"Petites et grandes Histoires de Fuveau","article_modified_time":"2023-12-29T15:36:20+00:00","twitter_card":"summary_large_image","twitter_misc":{"Dur\u00e9e de lecture estim\u00e9e":"1 minute"},"schema":{"@context":"https:\/\/schema.org","@graph":[{"@type":"WebPage","@id":"https:\/\/fuveau.net\/index.php\/a-propos\/","url":"https:\/\/fuveau.net\/index.php\/a-propos\/","name":"\u00c0 propos - Petites et grandes Histoires de Fuveau","isPartOf":{"@id":"https:\/\/fuveau.net\/#website"},"datePublished":"2023-10-26T12:53:51+00:00","dateModified":"2023-12-29T15:36:20+00:00","breadcrumb":{"@id":"https:\/\/fuveau.net\/index.php\/a-propos\/#breadcrumb"},"inLanguage":"fr-FR","potentialAction":[{"@type":"ReadAction","target":["https:\/\/fuveau.net\/index.php\/a-propos\/"]}]},{"@type":"BreadcrumbList","@id":"https:\/\/fuveau.net\/index.php\/a-propos\/#breadcrumb","itemListElement":[{"@type":"ListItem","position":1,"name":"Accueil","item":"https:\/\/fuveau.net\/"},{"@type":"ListItem","position":2,"name":"\u00c0 propos"}]},{"@type":"WebSite","@id":"https:\/\/fuveau.net\/#website","url":"https:\/\/fuveau.net\/","name":"Petites et grandes Histoires de Fuveau","description":"Site patrimonial de l&#039;histoire de Fuveau","publisher":{"@id":"https:\/\/fuveau.net\/#organization"},"potentialAction":[{"@type":"SearchAction","target":{"@type":"EntryPoint","urlTemplate":"https:\/\/fuveau.net\/?s={search_term_string}"},"query-input":{"@type":"PropertyValueSpecification","valueRequired":true,"valueName":"search_term_string"}}],"inLanguage":"fr-FR"},{"@type":"Organization","@id":"https:\/\/fuveau.net\/#organization","name":"Petites et grandes Histoires de Fuveau","url":"https:\/\/fuveau.net\/","logo":{"@type":"ImageObject","inLanguage":"fr-FR","@id":"https:\/\/fuveau.net\/#\/schema\/logo\/image\/","url":"https:\/\/fuveau.net\/wp-content\/uploads\/2023\/09\/logo-1.jpg","contentUrl":"https:\/\/fuveau.net\/wp-content\/uploads\/2023\/09\/logo-1.jpg","width":815,"height":415,"caption":"Petites et grandes Histoires de Fuveau"},"image":{"@id":"https:\/\/fuveau.net\/#\/schema\/logo\/image\/"}}]}},"uagb_featured_image_src":{"full":false,"thumbnail":false,"medium":false,"medium_large":false,"large":false,"1536x1536":false,"2048x2048":false,"post-image":false},"uagb_author_info":{"display_name":"Dominique CHAINE","author_link":"https:\/\/fuveau.net\/index.php\/author\/d-chaine\/"},"uagb_comment_info":0,"uagb_excerpt":"Ce site est la reprise du site web de J.F Roubaud \u00e0 qui je rends hommage pour son travail pendant de si nombreuses ann\u00e9es. Remerciements les plus vifs \u00e0 : David ROUBAUD Eric DESHAYES Guy GRAVELEAU ( \u2020 2001) Marcel DELLASTA (\u2020 2010) avec l&rsquo;aimable autorisation de son \u00e9pouse Maryse DELLASTA et de sa petite\u2026","_links":{"self":[{"href":"https:\/\/fuveau.net\/index.php\/wp-json\/wp\/v2\/pages\/3019","targetHints":{"allow":["GET"]}}],"collection":[{"href":"https:\/\/fuveau.net\/index.php\/wp-json\/wp\/v2\/pages"}],"about":[{"href":"https:\/\/fuveau.net\/index.php\/wp-json\/wp\/v2\/types\/page"}],"author":[{"embeddable":true,"href":"https:\/\/fuveau.net\/index.php\/wp-json\/wp\/v2\/users\/2"}],"replies":[{"embeddable":true,"href":"https:\/\/fuveau.net\/index.php\/wp-json\/wp\/v2\/comments?post=3019"}],"version-history":[{"count":11,"href":"https:\/\/fuveau.net\/index.php\/wp-json\/wp\/v2\/pages\/3019\/revisions"}],"predecessor-version":[{"id":4582,"href":"https:\/\/fuveau.net\/index.php\/wp-json\/wp\/v2\/pages\/3019\/revisions\/4582"}],"wp:attachment":[{"href":"https:\/\/fuveau.net\/index.php\/wp-json\/wp\/v2\/media?parent=3019"}],"curies":[{"name":"wp","href":"https:\/\/api.w.org\/{rel}","templated":true}]}}