{"id":182,"date":"2023-09-03T18:31:12","date_gmt":"2023-09-03T16:31:12","guid":{"rendered":"https:\/\/fuveau.net\/?p=182"},"modified":"2023-12-28T17:25:52","modified_gmt":"2023-12-28T16:25:52","slug":"s-s-p-j","status":"publish","type":"page","link":"https:\/\/fuveau.net\/index.php\/activites\/s-s-p-j\/","title":{"rendered":"SSPJ: La Soci\u00e9te Sportive Pierre Joubert"},"content":{"rendered":"\n<p><strong>Cette \u00e9tude a \u00e9t\u00e9 r\u00e9alis\u00e9e gr\u00e2ce aux documents aimablement confi\u00e9s par Marie Jeanne Moustier (Mimi Rabasse), Auguste Honorat, Louis Barth\u00e9l\u00e9my, Michel Bourrelly et Patrick Lagier.<\/strong><\/p>\n\n\n<div class=\"wp-block-image\">\n<figure class=\"aligncenter size-full\"><img loading=\"lazy\" decoding=\"async\" width=\"351\" height=\"430\" src=\"https:\/\/fuveau.net\/wp-content\/uploads\/2023\/09\/fuveau9-1.jpg\" alt=\"\" class=\"wp-image-1062\" srcset=\"https:\/\/fuveau.net\/wp-content\/uploads\/2023\/09\/fuveau9-1.jpg 351w, https:\/\/fuveau.net\/wp-content\/uploads\/2023\/09\/fuveau9-1-245x300.jpg 245w\" sizes=\"auto, (max-width: 351px) 100vw, 351px\" \/><\/figure>\n<\/div>\n\n\n<p><strong><u><strong>La premi\u00e8re p\u00e9riode 1911-1914<\/strong><\/u><\/strong><\/p>\n\n\n\n<p><strong>Nous sommes en 1911,\u00a0Charles Verminck, l&rsquo;ancien instituteur est mort depuis 1880. Les activit\u00e9s du Cercle Saint-Michel tant au niveau culturel qu&rsquo;artistique ne manquent pas, elles attirent les hommes et les jeunes gens, il en est de m\u00eame de diverses congr\u00e9gations voire des patronages mais aucune activit\u00e9 sportive n&rsquo;est propos\u00e9e par tout ce qui tourne autour de la paroisse.\u00a0Charles Verminck, l&rsquo;instituteur, en son temps, avait anim\u00e9 des activit\u00e9s sportives qui s&rsquo;apparentaient certes beaucoup \u00e0 de la pr\u00e9paration militaire jusqu&rsquo;\u00e0 mener ses \u00ab\u00a0troupes\u00a0\u00bb entre guillemets d\u00e9filer dans les villages voisins.<br>Le besoin d&rsquo;activit\u00e9s allant dans le sens de celles offertes par\u00a0Charles Verminck\u00a0se faisait ressentir.<\/strong><\/p>\n\n\n\n<p><strong>Or donc en avril 1911, sous l&rsquo;impulsion d&rsquo;Edward RABASSE, instituteur, p\u00e8re de Mimi Rabasse et grand-p\u00e8re de Don Philippe Moustier largement soutenu par l&rsquo;abb\u00e9 Adolphe PAUL dernier cur\u00e9 secondaire de Fuveau,\u00a0Marie-Joseph MOISAN\u00a0\u00e9tant d\u00e9j\u00e0 pr\u00eatre titulaire, va na\u00eetre une soci\u00e9t\u00e9 sportive, dont les\u00a0statuts\u00a0seront r\u00e9guli\u00e8rement d\u00e9pos\u00e9s en pr\u00e9fecture sous le n\u00b04 le 21 avril 1911 avec publication au journal officiel le 25 du m\u00eame mois conform\u00e9ment \u00e0 la loi de 1901 sur les associations: la\u00a0S.S.P.J. Le premier pr\u00e9sident sera Ambroise LONG auquel succ\u00e8dera en 1920\u00a0 Georges GUIGNOT, le grand-p\u00e8re de l&rsquo;ancien maire Jean Pierre ANDRIEUX et le tr\u00e9sorier devient Ambroise LONG, fils du f\u00e9libre local\u00a0Eug\u00e8ne LONG, p\u00e8re de Th\u00e9r\u00e8se LAGIER donc grand-p\u00e8re de Patrick LAGIER. Le secr\u00e9taire L\u00e9on Roubaud, p\u00e8re de Lucien Roubaud.<br>Soci\u00e9t\u00e9 Sportive\u00a0Pierre Joubert, nom qui \u00e9voque le souvenir du pr\u00eatre qui dans les ann\u00e9es 1850 a remu\u00e9 ciel et terre (c&rsquo;est le cas de le dire) pour arriver \u00e0 faire construire la nouvelle \u00e9glise de Fuveau.<br>Les dits\u00a0statuts\u00a0attirent n\u00e9cessairement quelques commentaires en particulier\u00a0l&rsquo;article 2\u00a0dont on retiendra \u00ab\u00a0elle a pour but de pr\u00e9parer au pays des hommes robustes et de vaillants soldats\u00a0\u00bb, pourtant en 1911, il n&rsquo;y a pas encore de bruits de bottes et la municipalit\u00e9 vient de donner son nom au Boulevard Loubet, le pacifiste Pr\u00e9sident de la R\u00e9publique qui venait de gracier (1899) et r\u00e9int\u00e9grer (1906) Dreyfus.<br>Aux disciplines statutaires (gymnastique et tir), s&rsquo;est tout de suite greff\u00e9 l&rsquo;athl\u00e9tisme qui sera \u00e9voqu\u00e9 plus loin.<br>A\u00a0l&rsquo;article 3\u00a0on note que le si\u00e8ge est fix\u00e9 \u00ab\u00a03 rue du Figuier, dans l&rsquo;ancien ch\u00e2teau seigneurial\u00a0\u00bb bien que la totalit\u00e9 des activit\u00e9s se passent \u00e0 l&rsquo;\u00e9cole Sainte-Barbe dite \u00ab\u00a0\u00c9cole des gar\u00e7ons\u00a0\u00bb actuelle Maison pour Tous.<br>Dans l&rsquo;article 4\u00a0on constate que les dames ne peuvent avoir la qualit\u00e9 que de membre fondateur ou membre honoraire mais pas de membre actif.<br>Le reste des articles suit le sch\u00e9ma classique des Associations 1901, mais on en met une petite couche suppl\u00e9mentaire dans l&rsquo;article 14 (le dernier) qui semble \u00eatre un rajout \u00ab\u00a0L&rsquo;association s&rsquo;est affili\u00e9e au comit\u00e9 r\u00e9gional de la F\u00e9d\u00e9ration Nationale des Soci\u00e9t\u00e9s de Pr\u00e9paration Militaire de France et des Colonies\u00a0\u00bb.<br><a href=\"#haut2pa\"><\/a><\/strong><\/p>\n\n\n\n<p><strong>&#8212;&#8212;&#8212;&#8212;&#8212;&#8212;&#8211;<br><u><strong>P\u00e9riode 1911-1914<\/strong><\/u><\/strong><\/p>\n\n\n\n<p><strong>Nous n&rsquo;avons que peu de documents sur la p\u00e9riode qui a pr\u00e9c\u00e9d\u00e9 le premier conflit mondial. Pendant ces trois ans, la Soci\u00e9t\u00e9 s&rsquo;est lentement \u00e9quip\u00e9e, les principales disciplines pratiqu\u00e9es au d\u00e9part \u00e9taient la gymnastique d&rsquo;ensemble et l&rsquo;athl\u00e9tisme.&nbsp;&nbsp;<\/strong><\/p>\n\n\n\n<p><strong><u><strong>Deuxi\u00e8me p\u00e9riode 1920-1938<\/strong><\/u><\/strong><\/p>\n\n\n\n<p><strong>A partir de 1920, les activit\u00e9s de la SSPJ reprennent. Sur 27 membres mobilis\u00e9s, 9 sont morts pour la France dont le vice-pr\u00e9sident Justin David. L&rsquo;ancien bureau est r\u00e9\u00e9lu et c&rsquo;est L\u00e9on Roubaud (p\u00e8re de Lucien Roubaud) qui devient vice-pr\u00e9sident. Si le si\u00e8ge reste fix\u00e9 au 3 rue du Figuier, les activit\u00e9s se font dans les locaux annexes de \u00ab\u00a0l&rsquo;\u00e9cole des Fr\u00e8res\u00a0\u00bb et sur les terrains\u00a0\u00bb attenants ainsi qu&rsquo;\u00e0 la\u00a0Roucaudo\u00a0pour le tir. Les armes de tir, les Lebel en particulier, sont d\u00e9pos\u00e9es dans l&rsquo;actuelle chapelle\u00a0 et salle de cat\u00e9chisme rue Barth\u00e9l\u00e9my Niollon (alors rue Hoche) et il ne faut pas moins de trois responsables pour les entretenir : ce sont Paul Honorat (p\u00e8re d&rsquo;Auguste), Louis Richaud (beau p\u00e8re d&rsquo;Henri\u00a0 Jampy) et Marius Moustier dit Miu Labb\u00e9 par ailleurs excellent tireur lui-m\u00eame. Les activit\u00e9s de pr\u00e9paration militaire reprennent de plus belle avec d&rsquo;interminables r\u00e9p\u00e9titions de d\u00e9fil\u00e9s. Edward Rabasse est un instructeur d\u00e9vou\u00e9 et re\u00e7ois \u00e0 ce titre un\u00a0dipl\u00f4me\u00a0du minist\u00e8re des Arm\u00e9es. La section tir est forte de 74 adh\u00e9rents. Les r\u00e9sultats des concours ainsi que d&rsquo;interminables correspondances avec les minist\u00e8res et f\u00e9d\u00e9rations sont conserv\u00e9es par Auguste Honorat.<br>\u00a0 C&rsquo;est manifestement l&rsquo;athl\u00e9tisme qui attire le plus les jeunes gens d&rsquo;autant que l&rsquo;\u00e9quipe de Fuveau va parfois faire de petites comp\u00e9titions \u00e0 Aix voire Marseille. Parmi eux figurent deux v\u00e9ritables athl\u00e8tes ce sont Marius Barth\u00e9l\u00e9my dit Mimi Callous au triple saut (il frisait les 14 m\u00e8tres) et Emile Th\u00e9agno au saut \u00e0 la perche avec 3 m\u00e8tres 60, performance tout \u00e0 fait exceptionnelle r\u00e9alis\u00e9e avec une perche tr\u00e8s lourde et rigide et un bac de r\u00e9ception en sable. Don Antoine Moustier (p\u00e8re de Don Philippe) et\u00a0 Ange Vitalis ( Caisse d&rsquo;Epargne) sont deux excellents lanceurs de poids, le premier nomm\u00e9 se permettant m\u00eame en lan\u00e7ant son boulet de casser les pieds de l&rsquo;appareil photo d&rsquo;un reporter ! La gymnastique n&rsquo;est pas en reste avec des barres parall\u00e8les et une barre fixe mais sauf erreur pas de comp\u00e9titions. Il est \u00e0 noter que les \u00e9l\u00e8ves des \u00e9coles communales venaient pratiquer le sport dans les locaux de la SSPJ (actuelle salle d&rsquo;arts martiaux).<br>Ange Vitalis succ\u00e8de \u00e0 Georges Guignot comme pr\u00e9sident en 1929 et il le restera jusqu&rsquo;au deuxi\u00e8me conflit mondial. Dans les ann\u00e9es 30, les activit\u00e9s diminuent sensiblement. Le\u00a0portique\u00a0visible sur la carte postale des ann\u00e9es 20 reste longtemps \u00e0 terre. Lors de la d\u00e9claration de guerre en 39, l&rsquo;arsenal doit \u00eatre rendu \u00e0 la gendarmerie bien que cela ne soit pas \u00e9vident : ce sont les particuliers qui devaient rendre leurs armes et non les soci\u00e9t\u00e9s ! La population de Fuveau avait \u00e9t\u00e9 tr\u00e8s r\u00e9ticente pour rendre ses armes, beaucoup les avaient cach\u00e9es en particulier tous ceux qui avaient \u00e9vit\u00e9 la mobilisation gr\u00e2ce \u00e0 leur travail \u00e0 la mine.<br>&#8212;&#8212;&#8212;&#8212;&#8212;&#8212;&#8212;&#8212;<br><u>1945<br><\/u>Au sortir de la deuxi\u00e8me guerre, on note une tentative de reprise de la soci\u00e9t\u00e9 mais exclusivement pour de la pr\u00e9paration militaire. Bien que les autorit\u00e9s concern\u00e9es soutiennent ce projet, celui-ci n&rsquo;obtient (heureusement) pas le succ\u00e8s escompt\u00e9 et la S.S.P.J est en sommeil.<br>Voir la\u00a0demande fuvelaine\u00a0et la\u00a0r\u00e9ponse\u00a0des autorit\u00e9s dans \u00ab\u00a0les documents S.S.P.J\u00a0\u00bb\u00a0 en cliquant sur l&rsquo;ic\u00f4ne.\u00a0\u00a0<a href=\"fuveau_sspj_docume.html#1945A\"><\/a><\/strong><\/p>\n\n\n\n<p><strong>&#8212;&#8212;&#8212;&#8212;&#8212;&#8212;&#8212;<br><u><strong>1951 : enfin le ping-pong vint !<\/strong><\/u><\/strong><\/p>\n\n\n\n<p><strong>En\u00a01951, un groupe de jeunes, avec Jules VERA \u00e0 leur t\u00eate d\u00e9cident de lancer l&rsquo;activit\u00e9 \u00ab\u00a0Tennis de\u00a0table\u00a0\u00bb\u00a0et en profitent pour relancer la SSPJ en sommeil. L&rsquo;association n&rsquo;a alors plus rien de para-militaire, c&rsquo;est une soci\u00e9t\u00e9 sportive dans le meilleur esprit de camaraderie.\u00a0Louis\u00a0Barth\u00e9l\u00e9my\u00a0et\u00a0Michel Bourrelly\u00a0ont conserv\u00e9 un maximum de photos et d&rsquo;archives; ni l&rsquo;un ni l&rsquo;autre n&rsquo;a jamais \u00e9t\u00e9 \u00e0 la t\u00eate de l&rsquo;association mais ce sont eux qui ont exerc\u00e9 le plus longtemps des fonctions -secr\u00e9taire et tr\u00e9sorier- au sein du bureau .<br>Les pr\u00e9sidents successifs ont \u00e9t\u00e9\u00a0Jules V\u00e9ra\u00a0(1952 \u00e0 56)\u00a0Fran\u00e7is Aulagnier\u00a0(1957 \u00e0 64)\u00a0Joseph\u00a0Sorgente\u00a0(1965 \u00e0 70)\u00a0Andr\u00e9 Ourdas\u00a0(1968 et 69) Jean Fran\u00e7ois Roubaud (1970 \u00e0 76). Les entra\u00eenements et matches avaient lieu dans les salles de classes d\u00e9saffect\u00e9es de l&rsquo;\u00e9cole Sainte Barbe et en fonction des ann\u00e9es, une \u00e0 trois \u00e9quipes ont disput\u00e9 des comp\u00e9titions. Les premiers champions \u00e9taient\u00a0Louis R\u00e9my Roubaud, Andr\u00e9 Rebuffat\u00a0\u00a0mais comment ne pas citer les Claude Amiel, Michel Fabre, Lionel Nouveau et plus tard,\u00a0Elian V\u00e9ra,\u00a0Paul Schmeltzer,\u00a0Nicolas Roche, Jean Louis Polichetti sachant que celui qui a obtenu le plus beau titre a \u00e9t\u00e9 Bernard Barth\u00e9l\u00e9my, champion de Provence minime en 1972 et qui a disput\u00e9 la finale nationale \u00e0 Paris. Un projet destin\u00e9 \u00e0 r\u00e9nover totalement l&rsquo;\u00e9cole Sainte Barbe avait \u00e9t\u00e9 \u00e9tabli par la municipalit\u00e9 Guiguet et concr\u00e9tis\u00e9 par la municipalit\u00e9 Dutour dans les ann\u00e9es 70. Il n&rsquo;y avait pas encore de gymnase \u00e0 Fuveau \u00e0 cette \u00e9poque et la SSPJ s&rsquo;est trouv\u00e9e orpheline de salle. Une demande de \u00ab\u00a0Mille Club\u00a0\u00bb est rest\u00e9e sans \u00e9cho. Les joueurs les plus mordus se sont alors tourn\u00e9s vers les clubs aixois.<\/strong><\/p>\n","protected":false},"excerpt":{"rendered":"<p>Cette \u00e9tude a \u00e9t\u00e9 r\u00e9alis\u00e9e gr\u00e2ce aux documents aimablement confi\u00e9s par Marie Jeanne Moustier (Mimi Rabasse), Auguste Honorat, Louis Barth\u00e9l\u00e9my, Michel Bourrelly et Patrick Lagier. La premi\u00e8re p\u00e9riode 1911-1914 Nous sommes en 1911,\u00a0Charles Verminck, l&rsquo;ancien instituteur est mort depuis 1880. Les activit\u00e9s du Cercle Saint-Michel tant au niveau culturel qu&rsquo;artistique ne manquent pas, elles attirent [&hellip;]<\/p>\n","protected":false},"author":3,"featured_media":1062,"parent":3422,"menu_order":3,"comment_status":"open","ping_status":"closed","template":"","meta":{"_uag_custom_page_level_css":"","iawp_total_views":11,"footnotes":""},"class_list":["post-182","page","type-page","status-publish","has-post-thumbnail","hentry","post-preview"],"yoast_head":"<!-- This site is optimized with the Yoast SEO plugin v27.3 - https:\/\/yoast.com\/product\/yoast-seo-wordpress\/ -->\n<title>SSPJ: La Soci\u00e9te Sportive Pierre Joubert - Petites et grandes Histoires de Fuveau<\/title>\n<meta name=\"robots\" content=\"index, follow, max-snippet:-1, max-image-preview:large, max-video-preview:-1\" \/>\n<link rel=\"canonical\" href=\"https:\/\/fuveau.net\/index.php\/activites\/s-s-p-j\/\" \/>\n<meta property=\"og:locale\" content=\"fr_FR\" \/>\n<meta property=\"og:type\" content=\"article\" \/>\n<meta property=\"og:title\" content=\"SSPJ: La Soci\u00e9te Sportive Pierre Joubert - Petites et grandes Histoires de Fuveau\" \/>\n<meta property=\"og:description\" content=\"Cette \u00e9tude a \u00e9t\u00e9 r\u00e9alis\u00e9e gr\u00e2ce aux documents aimablement confi\u00e9s par Marie Jeanne Moustier (Mimi Rabasse), Auguste Honorat, Louis Barth\u00e9l\u00e9my, Michel Bourrelly et Patrick Lagier. La premi\u00e8re p\u00e9riode 1911-1914 Nous sommes en 1911,\u00a0Charles Verminck, l&rsquo;ancien instituteur est mort depuis 1880. Les activit\u00e9s du Cercle Saint-Michel tant au niveau culturel qu&rsquo;artistique ne manquent pas, elles attirent [&hellip;]\" \/>\n<meta property=\"og:url\" content=\"https:\/\/fuveau.net\/index.php\/activites\/s-s-p-j\/\" \/>\n<meta property=\"og:site_name\" content=\"Petites et grandes Histoires de Fuveau\" \/>\n<meta property=\"article:modified_time\" content=\"2023-12-28T16:25:52+00:00\" \/>\n<meta property=\"og:image\" content=\"https:\/\/fuveau.net\/wp-content\/uploads\/2023\/09\/fuveau9-1.jpg\" \/>\n\t<meta property=\"og:image:width\" content=\"351\" \/>\n\t<meta property=\"og:image:height\" content=\"430\" \/>\n\t<meta property=\"og:image:type\" content=\"image\/jpeg\" \/>\n<meta name=\"twitter:card\" content=\"summary_large_image\" \/>\n<meta name=\"twitter:label1\" content=\"Dur\u00e9e de lecture estim\u00e9e\" \/>\n\t<meta name=\"twitter:data1\" content=\"8 minutes\" \/>\n<script type=\"application\/ld+json\" class=\"yoast-schema-graph\">{\"@context\":\"https:\\\/\\\/schema.org\",\"@graph\":[{\"@type\":\"WebPage\",\"@id\":\"https:\\\/\\\/fuveau.net\\\/index.php\\\/activites\\\/s-s-p-j\\\/\",\"url\":\"https:\\\/\\\/fuveau.net\\\/index.php\\\/activites\\\/s-s-p-j\\\/\",\"name\":\"SSPJ: La Soci\u00e9te Sportive Pierre Joubert - Petites et grandes Histoires de Fuveau\",\"isPartOf\":{\"@id\":\"https:\\\/\\\/fuveau.net\\\/#website\"},\"primaryImageOfPage\":{\"@id\":\"https:\\\/\\\/fuveau.net\\\/index.php\\\/activites\\\/s-s-p-j\\\/#primaryimage\"},\"image\":{\"@id\":\"https:\\\/\\\/fuveau.net\\\/index.php\\\/activites\\\/s-s-p-j\\\/#primaryimage\"},\"thumbnailUrl\":\"https:\\\/\\\/fuveau.net\\\/wp-content\\\/uploads\\\/2023\\\/09\\\/fuveau9-1.jpg\",\"datePublished\":\"2023-09-03T16:31:12+00:00\",\"dateModified\":\"2023-12-28T16:25:52+00:00\",\"breadcrumb\":{\"@id\":\"https:\\\/\\\/fuveau.net\\\/index.php\\\/activites\\\/s-s-p-j\\\/#breadcrumb\"},\"inLanguage\":\"fr-FR\",\"potentialAction\":[{\"@type\":\"ReadAction\",\"target\":[\"https:\\\/\\\/fuveau.net\\\/index.php\\\/activites\\\/s-s-p-j\\\/\"]}]},{\"@type\":\"ImageObject\",\"inLanguage\":\"fr-FR\",\"@id\":\"https:\\\/\\\/fuveau.net\\\/index.php\\\/activites\\\/s-s-p-j\\\/#primaryimage\",\"url\":\"https:\\\/\\\/fuveau.net\\\/wp-content\\\/uploads\\\/2023\\\/09\\\/fuveau9-1.jpg\",\"contentUrl\":\"https:\\\/\\\/fuveau.net\\\/wp-content\\\/uploads\\\/2023\\\/09\\\/fuveau9-1.jpg\",\"width\":351,\"height\":430},{\"@type\":\"BreadcrumbList\",\"@id\":\"https:\\\/\\\/fuveau.net\\\/index.php\\\/activites\\\/s-s-p-j\\\/#breadcrumb\",\"itemListElement\":[{\"@type\":\"ListItem\",\"position\":1,\"name\":\"Accueil\",\"item\":\"https:\\\/\\\/fuveau.net\\\/\"},{\"@type\":\"ListItem\",\"position\":2,\"name\":\"Activit\u00e9s\",\"item\":\"https:\\\/\\\/fuveau.net\\\/index.php\\\/activites\\\/\"},{\"@type\":\"ListItem\",\"position\":3,\"name\":\"SSPJ: La Soci\u00e9te Sportive Pierre Joubert\"}]},{\"@type\":\"WebSite\",\"@id\":\"https:\\\/\\\/fuveau.net\\\/#website\",\"url\":\"https:\\\/\\\/fuveau.net\\\/\",\"name\":\"Petites et grandes Histoires de Fuveau\",\"description\":\"Site patrimonial de l&#039;histoire de Fuveau\",\"publisher\":{\"@id\":\"https:\\\/\\\/fuveau.net\\\/#organization\"},\"potentialAction\":[{\"@type\":\"SearchAction\",\"target\":{\"@type\":\"EntryPoint\",\"urlTemplate\":\"https:\\\/\\\/fuveau.net\\\/?s={search_term_string}\"},\"query-input\":{\"@type\":\"PropertyValueSpecification\",\"valueRequired\":true,\"valueName\":\"search_term_string\"}}],\"inLanguage\":\"fr-FR\"},{\"@type\":\"Organization\",\"@id\":\"https:\\\/\\\/fuveau.net\\\/#organization\",\"name\":\"Petites et grandes Histoires de Fuveau\",\"url\":\"https:\\\/\\\/fuveau.net\\\/\",\"logo\":{\"@type\":\"ImageObject\",\"inLanguage\":\"fr-FR\",\"@id\":\"https:\\\/\\\/fuveau.net\\\/#\\\/schema\\\/logo\\\/image\\\/\",\"url\":\"https:\\\/\\\/fuveau.net\\\/wp-content\\\/uploads\\\/2023\\\/09\\\/logo-1.jpg\",\"contentUrl\":\"https:\\\/\\\/fuveau.net\\\/wp-content\\\/uploads\\\/2023\\\/09\\\/logo-1.jpg\",\"width\":815,\"height\":415,\"caption\":\"Petites et grandes Histoires de Fuveau\"},\"image\":{\"@id\":\"https:\\\/\\\/fuveau.net\\\/#\\\/schema\\\/logo\\\/image\\\/\"}}]}<\/script>\n<!-- \/ Yoast SEO plugin. -->","yoast_head_json":{"title":"SSPJ: La Soci\u00e9te Sportive Pierre Joubert - Petites et grandes Histoires de Fuveau","robots":{"index":"index","follow":"follow","max-snippet":"max-snippet:-1","max-image-preview":"max-image-preview:large","max-video-preview":"max-video-preview:-1"},"canonical":"https:\/\/fuveau.net\/index.php\/activites\/s-s-p-j\/","og_locale":"fr_FR","og_type":"article","og_title":"SSPJ: La Soci\u00e9te Sportive Pierre Joubert - Petites et grandes Histoires de Fuveau","og_description":"Cette \u00e9tude a \u00e9t\u00e9 r\u00e9alis\u00e9e gr\u00e2ce aux documents aimablement confi\u00e9s par Marie Jeanne Moustier (Mimi Rabasse), Auguste Honorat, Louis Barth\u00e9l\u00e9my, Michel Bourrelly et Patrick Lagier. La premi\u00e8re p\u00e9riode 1911-1914 Nous sommes en 1911,\u00a0Charles Verminck, l&rsquo;ancien instituteur est mort depuis 1880. Les activit\u00e9s du Cercle Saint-Michel tant au niveau culturel qu&rsquo;artistique ne manquent pas, elles attirent [&hellip;]","og_url":"https:\/\/fuveau.net\/index.php\/activites\/s-s-p-j\/","og_site_name":"Petites et grandes Histoires de Fuveau","article_modified_time":"2023-12-28T16:25:52+00:00","og_image":[{"width":351,"height":430,"url":"https:\/\/fuveau.net\/wp-content\/uploads\/2023\/09\/fuveau9-1.jpg","type":"image\/jpeg"}],"twitter_card":"summary_large_image","twitter_misc":{"Dur\u00e9e de lecture estim\u00e9e":"8 minutes"},"schema":{"@context":"https:\/\/schema.org","@graph":[{"@type":"WebPage","@id":"https:\/\/fuveau.net\/index.php\/activites\/s-s-p-j\/","url":"https:\/\/fuveau.net\/index.php\/activites\/s-s-p-j\/","name":"SSPJ: La Soci\u00e9te Sportive Pierre Joubert - Petites et grandes Histoires de Fuveau","isPartOf":{"@id":"https:\/\/fuveau.net\/#website"},"primaryImageOfPage":{"@id":"https:\/\/fuveau.net\/index.php\/activites\/s-s-p-j\/#primaryimage"},"image":{"@id":"https:\/\/fuveau.net\/index.php\/activites\/s-s-p-j\/#primaryimage"},"thumbnailUrl":"https:\/\/fuveau.net\/wp-content\/uploads\/2023\/09\/fuveau9-1.jpg","datePublished":"2023-09-03T16:31:12+00:00","dateModified":"2023-12-28T16:25:52+00:00","breadcrumb":{"@id":"https:\/\/fuveau.net\/index.php\/activites\/s-s-p-j\/#breadcrumb"},"inLanguage":"fr-FR","potentialAction":[{"@type":"ReadAction","target":["https:\/\/fuveau.net\/index.php\/activites\/s-s-p-j\/"]}]},{"@type":"ImageObject","inLanguage":"fr-FR","@id":"https:\/\/fuveau.net\/index.php\/activites\/s-s-p-j\/#primaryimage","url":"https:\/\/fuveau.net\/wp-content\/uploads\/2023\/09\/fuveau9-1.jpg","contentUrl":"https:\/\/fuveau.net\/wp-content\/uploads\/2023\/09\/fuveau9-1.jpg","width":351,"height":430},{"@type":"BreadcrumbList","@id":"https:\/\/fuveau.net\/index.php\/activites\/s-s-p-j\/#breadcrumb","itemListElement":[{"@type":"ListItem","position":1,"name":"Accueil","item":"https:\/\/fuveau.net\/"},{"@type":"ListItem","position":2,"name":"Activit\u00e9s","item":"https:\/\/fuveau.net\/index.php\/activites\/"},{"@type":"ListItem","position":3,"name":"SSPJ: La Soci\u00e9te Sportive Pierre Joubert"}]},{"@type":"WebSite","@id":"https:\/\/fuveau.net\/#website","url":"https:\/\/fuveau.net\/","name":"Petites et grandes Histoires de Fuveau","description":"Site patrimonial de l&#039;histoire de Fuveau","publisher":{"@id":"https:\/\/fuveau.net\/#organization"},"potentialAction":[{"@type":"SearchAction","target":{"@type":"EntryPoint","urlTemplate":"https:\/\/fuveau.net\/?s={search_term_string}"},"query-input":{"@type":"PropertyValueSpecification","valueRequired":true,"valueName":"search_term_string"}}],"inLanguage":"fr-FR"},{"@type":"Organization","@id":"https:\/\/fuveau.net\/#organization","name":"Petites et grandes Histoires de Fuveau","url":"https:\/\/fuveau.net\/","logo":{"@type":"ImageObject","inLanguage":"fr-FR","@id":"https:\/\/fuveau.net\/#\/schema\/logo\/image\/","url":"https:\/\/fuveau.net\/wp-content\/uploads\/2023\/09\/logo-1.jpg","contentUrl":"https:\/\/fuveau.net\/wp-content\/uploads\/2023\/09\/logo-1.jpg","width":815,"height":415,"caption":"Petites et grandes Histoires de Fuveau"},"image":{"@id":"https:\/\/fuveau.net\/#\/schema\/logo\/image\/"}}]}},"uagb_featured_image_src":{"full":["https:\/\/fuveau.net\/wp-content\/uploads\/2023\/09\/fuveau9-1.jpg",351,430,false],"thumbnail":["https:\/\/fuveau.net\/wp-content\/uploads\/2023\/09\/fuveau9-1-150x150.jpg",150,150,true],"medium":["https:\/\/fuveau.net\/wp-content\/uploads\/2023\/09\/fuveau9-1-245x300.jpg",245,300,true],"medium_large":["https:\/\/fuveau.net\/wp-content\/uploads\/2023\/09\/fuveau9-1.jpg",351,430,false],"large":["https:\/\/fuveau.net\/wp-content\/uploads\/2023\/09\/fuveau9-1.jpg",351,430,false],"1536x1536":["https:\/\/fuveau.net\/wp-content\/uploads\/2023\/09\/fuveau9-1.jpg",351,430,false],"2048x2048":["https:\/\/fuveau.net\/wp-content\/uploads\/2023\/09\/fuveau9-1.jpg",351,430,false],"post-image":["https:\/\/fuveau.net\/wp-content\/uploads\/2023\/09\/fuveau9-1.jpg",351,430,false]},"uagb_author_info":{"display_name":"Jean-Fran\u00e7ois ROUBAUD","author_link":"https:\/\/fuveau.net\/index.php\/author\/jfber\/"},"uagb_comment_info":3,"uagb_excerpt":"Cette \u00e9tude a \u00e9t\u00e9 r\u00e9alis\u00e9e gr\u00e2ce aux documents aimablement confi\u00e9s par Marie Jeanne Moustier (Mimi Rabasse), Auguste Honorat, Louis Barth\u00e9l\u00e9my, Michel Bourrelly et Patrick Lagier. La premi\u00e8re p\u00e9riode 1911-1914 Nous sommes en 1911,\u00a0Charles Verminck, l&rsquo;ancien instituteur est mort depuis 1880. Les activit\u00e9s du Cercle Saint-Michel tant au niveau culturel qu&rsquo;artistique ne manquent pas, elles attirent\u2026","_links":{"self":[{"href":"https:\/\/fuveau.net\/index.php\/wp-json\/wp\/v2\/pages\/182","targetHints":{"allow":["GET"]}}],"collection":[{"href":"https:\/\/fuveau.net\/index.php\/wp-json\/wp\/v2\/pages"}],"about":[{"href":"https:\/\/fuveau.net\/index.php\/wp-json\/wp\/v2\/types\/page"}],"author":[{"embeddable":true,"href":"https:\/\/fuveau.net\/index.php\/wp-json\/wp\/v2\/users\/3"}],"replies":[{"embeddable":true,"href":"https:\/\/fuveau.net\/index.php\/wp-json\/wp\/v2\/comments?post=182"}],"version-history":[{"count":4,"href":"https:\/\/fuveau.net\/index.php\/wp-json\/wp\/v2\/pages\/182\/revisions"}],"predecessor-version":[{"id":4134,"href":"https:\/\/fuveau.net\/index.php\/wp-json\/wp\/v2\/pages\/182\/revisions\/4134"}],"up":[{"embeddable":true,"href":"https:\/\/fuveau.net\/index.php\/wp-json\/wp\/v2\/pages\/3422"}],"wp:featuredmedia":[{"embeddable":true,"href":"https:\/\/fuveau.net\/index.php\/wp-json\/wp\/v2\/media\/1062"}],"wp:attachment":[{"href":"https:\/\/fuveau.net\/index.php\/wp-json\/wp\/v2\/media?parent=182"}],"curies":[{"name":"wp","href":"https:\/\/api.w.org\/{rel}","templated":true}]}}